{"id":14,"date":"2026-02-24T04:33:03","date_gmt":"2026-02-24T04:33:03","guid":{"rendered":"https:\/\/almasfood.es\/?page_id=14"},"modified":"2026-03-28T18:06:56","modified_gmt":"2026-03-28T18:06:56","slug":"about","status":"publish","type":"page","link":"https:\/\/almasfood.es\/en\/about\/","title":{"rendered":"About us"},"content":{"rendered":"<div data-elementor-type=\"wp-page\" data-elementor-id=\"14\" class=\"elementor elementor-14\">\n\t\t\t\t<div class=\"elementor-element elementor-element-dcfb448 e-con-full e-flex e-con e-parent\" data-id=\"dcfb448\" data-element_type=\"container\" data-e-type=\"container\" data-settings=\"{&quot;background_background&quot;:&quot;classic&quot;}\">\n\t\t<div class=\"elementor-element elementor-element-d21b7e0 e-flex e-con-boxed e-con e-child\" data-id=\"d21b7e0\" data-element_type=\"container\" data-e-type=\"container\">\n\t\t\t\t\t<div class=\"e-con-inner\">\n\t\t\t\t<div class=\"elementor-element elementor-element-e9fd9dc elementor-widget elementor-widget-heading\" data-id=\"e9fd9dc\" data-element_type=\"widget\" data-e-type=\"widget\" data-widget_type=\"heading.default\">\n\t\t\t\t<div class=\"elementor-widget-container\">\n\t\t\t\t\t<h1 class=\"elementor-heading-title elementor-size-default\"><b>About us<\/b><\/h1>\t\t\t\t<\/div>\n\t\t\t\t<\/div>\n\t\t\t\t\t<\/div>\n\t\t\t\t<\/div>\n\t\t\t\t<\/div>\n\t\t<div class=\"elementor-element elementor-element-500861b e-flex e-con-boxed e-con e-parent\" data-id=\"500861b\" data-element_type=\"container\" data-e-type=\"container\">\n\t\t\t\t\t<div class=\"e-con-inner\">\n\t\t<div class=\"elementor-element elementor-element-7dbc6fb e-con-full e-flex e-con e-child\" data-id=\"7dbc6fb\" data-element_type=\"container\" data-e-type=\"container\">\n\t\t\t\t<div class=\"elementor-element elementor-element-6658dc9 elementor-widget elementor-widget-heading\" data-id=\"6658dc9\" data-element_type=\"widget\" data-e-type=\"widget\" data-widget_type=\"heading.default\">\n\t\t\t\t<div class=\"elementor-widget-container\">\n\t\t\t\t\t<h1 class=\"elementor-heading-title elementor-size-default\"><b>Effective Distribution<\/b><\/h1>\t\t\t\t<\/div>\n\t\t\t\t<\/div>\n\t\t\t\t<div class=\"elementor-element elementor-element-e9a8c1e elementor-widget elementor-widget-image\" data-id=\"e9a8c1e\" data-element_type=\"widget\" data-e-type=\"widget\" data-widget_type=\"image.default\">\n\t\t\t\t<div class=\"elementor-widget-container\">\n\t\t\t\t\t\t\t\t\t\t\t\t\t\t\t<img fetchpriority=\"high\" decoding=\"async\" width=\"1494\" height=\"997\" src=\"https:\/\/almasfood.es\/wp-content\/uploads\/2026\/02\/image_2026-02-24_234901501.png\" class=\"attachment-full size-full wp-image-2358\" alt=\"\" srcset=\"https:\/\/almasfood.es\/wp-content\/uploads\/2026\/02\/image_2026-02-24_234901501.png 1494w, https:\/\/almasfood.es\/wp-content\/uploads\/2026\/02\/image_2026-02-24_234901501-300x200.png 300w, https:\/\/almasfood.es\/wp-content\/uploads\/2026\/02\/image_2026-02-24_234901501-1024x683.png 1024w, https:\/\/almasfood.es\/wp-content\/uploads\/2026\/02\/image_2026-02-24_234901501-768x513.png 768w, https:\/\/almasfood.es\/wp-content\/uploads\/2026\/02\/image_2026-02-24_234901501-18x12.png 18w\" sizes=\"(max-width: 1494px) 100vw, 1494px\" \/>\t\t\t\t\t\t\t\t\t\t\t\t\t\t\t<\/div>\n\t\t\t\t<\/div>\n\t\t<div class=\"elementor-element elementor-element-51b695b e-flex e-con-boxed e-con e-child\" data-id=\"51b695b\" data-element_type=\"container\" data-e-type=\"container\">\n\t\t\t\t\t<div class=\"e-con-inner\">\n\t\t<div class=\"elementor-element elementor-element-bda37a0 e-flex e-con-boxed e-con e-child\" data-id=\"bda37a0\" data-element_type=\"container\" data-e-type=\"container\">\n\t\t\t\t\t<div class=\"e-con-inner\">\n\t\t\t\t<div class=\"elementor-element elementor-element-1078e9d elementor-widget elementor-widget-hfe-infocard\" data-id=\"1078e9d\" data-element_type=\"widget\" data-e-type=\"widget\" data-widget_type=\"hfe-infocard.default\">\n\t\t\t\t<div class=\"elementor-widget-container\">\n\t\t\t\t\t\n\t\t<div class=\"hfe-infocard\">\n\t\t\t\t\t\t\t\t\t<div class=\"hfe-infocard-title-wrap\">\n\t\t\t\t<h3 class=\"hfe-infocard-title elementor-inline-editing\" data-elementor-setting-key=\"infocard_title\" data-elementor-inline-editing-toolbar=\"basic\" ><b>Our mission<\/b><\/h3>\t\t\t<\/div>\n\t\t\t\t\t\t<div class=\"hfe-infocard-text-wrap\">\n\t\t\t\t<div class=\"hfe-infocard-text elementor-inline-editing\" data-elementor-setting-key=\"infocard_description\" data-elementor-inline-editing-toolbar=\"advanced\">\n\t\t\t\t\tEn Almasfood, nuestra misi\u00f3n es asegurar un suministro constante y puntual de alimentos y bebidas, optimizando cada paso de la log\u00edstica. Nuestro compromiso es ser su socio estrat\u00e9gico en la distribuci\u00f3n, vinculando productores con minoristas de manera eficaz.\n\nCon un enfoque en la puntualidad y la fiabilidad, utilizamos procesos perfeccionados para garantizar que cada entrega se realice sin inconvenientes. Nos especializamos en la importaci\u00f3n de productos Halal y especialidades danesas, proporcionando a nuestros clientes una variedad de opciones de alta calidad.\t\t\t\t<\/div>\n\t\t\t\t\t\t\t<\/div>\n\t\t<\/div>\n\n\t\t\t\t\t\t<\/div>\n\t\t\t\t<\/div>\n\t\t\t\t\t<\/div>\n\t\t\t\t<\/div>\n\t\t\t\t\t<\/div>\n\t\t\t\t<\/div>\n\t\t\t\t<\/div>\n\t\t\t\t\t<\/div>\n\t\t\t\t<\/div>\n\t\t<div class=\"elementor-element elementor-element-ba46aa4 e-flex e-con-boxed e-con e-parent\" data-id=\"ba46aa4\" data-element_type=\"container\" data-e-type=\"container\" data-settings=\"{&quot;background_background&quot;:&quot;classic&quot;}\">\n\t\t\t\t\t<div class=\"e-con-inner\">\n\t\t<div class=\"elementor-element elementor-element-920e714 e-con-full e-flex e-con e-child\" data-id=\"920e714\" data-element_type=\"container\" data-e-type=\"container\">\n\t\t\t\t<\/div>\n\t\t<div class=\"elementor-element elementor-element-94092f7 e-con-full e-flex e-con e-child\" data-id=\"94092f7\" data-element_type=\"container\" data-e-type=\"container\">\n\t\t\t\t<div class=\"elementor-element elementor-element-aad1e15 elementor-widget elementor-widget-image\" data-id=\"aad1e15\" data-element_type=\"widget\" data-e-type=\"widget\" data-widget_type=\"image.default\">\n\t\t\t\t<div class=\"elementor-widget-container\">\n\t\t\t\t\t\t\t\t\t\t\t\t\t\t\t<img decoding=\"async\" src=\"https:\/\/almasfood.es\/wp-content\/uploads\/2021\/11\/quotes.svg\" class=\"attachment-full size-full wp-image-117\" alt=\"\" \/>\t\t\t\t\t\t\t\t\t\t\t\t\t\t\t<\/div>\n\t\t\t\t<\/div>\n\t\t\t\t<div class=\"elementor-element elementor-element-7f86a88 elementor-widget elementor-widget-heading\" data-id=\"7f86a88\" data-element_type=\"widget\" data-e-type=\"widget\" data-widget_type=\"heading.default\">\n\t\t\t\t<div class=\"elementor-widget-container\">\n\t\t\t\t\t<h1 class=\"elementor-heading-title elementor-size-default\"><b>Founded by Farid Benkatbach<\/b><\/h1>\t\t\t\t<\/div>\n\t\t\t\t<\/div>\n\t\t\t\t<div class=\"elementor-element elementor-element-ab6c261 elementor-widget elementor-widget-heading\" data-id=\"ab6c261\" data-element_type=\"widget\" data-e-type=\"widget\" data-widget_type=\"heading.default\">\n\t\t\t\t<div class=\"elementor-widget-container\">\n\t\t\t\t\t<h4 class=\"elementor-heading-title elementor-size-default\">Farid Benkatbach founded Almas Group with a clear vision and a strong strategic focus on international trade. Through focused leadership, business acumen and a rigorous focus on quality, he has achieved considerable success in importing and exporting.\n\nWith both domestic and international activities, the company has experienced significant development and has positioned Almas Food as a broad and dynamic trading company. The combination of strategic growth, strong partnerships and efficient distribution has laid the foundation for continued expansion.<\/h4>\t\t\t\t<\/div>\n\t\t\t\t<\/div>\n\t\t\t\t<\/div>\n\t\t<div class=\"elementor-element elementor-element-0bd015f e-con-full e-flex e-con e-child\" data-id=\"0bd015f\" data-element_type=\"container\" data-e-type=\"container\">\n\t\t\t\t<\/div>\n\t\t\t\t\t<\/div>\n\t\t\t\t<\/div>\n\t\t<div class=\"elementor-element elementor-element-750376b e-grid e-con-full e-con e-parent\" data-id=\"750376b\" data-element_type=\"container\" data-e-type=\"container\">\n\t\t\t\t<div class=\"elementor-element elementor-element-1975057 elementor-widget elementor-widget-heading\" data-id=\"1975057\" data-element_type=\"widget\" data-e-type=\"widget\" data-widget_type=\"heading.default\">\n\t\t\t\t<div class=\"elementor-widget-container\">\n\t\t\t\t\t<h4 class=\"elementor-heading-title elementor-size-default\">En colaboraci\u00f3n con <b>Robert Damkj\u00e6r<\/b>, <b>Farid Benkatbach<\/b> trabaja con determinaci\u00f3n para introducir y distribuir productos daneses de alta calidad en el mercado espa\u00f1ol. Centr\u00e1ndose en la calidad, la fiabilidad y unas s\u00f3lidas relaciones con los proveedores, construyen puentes entre los fabricantes daneses y las cadenas de distribuci\u00f3n espa\u00f1olas.\n\nSu ambici\u00f3n es clara: traer productos daneses de renombre a Espa\u00f1a y garantizar que se entreguen de forma eficiente, profesional y con los mismos altos est\u00e1ndares de calidad con los que se producen.<\/h4>\t\t\t\t<\/div>\n\t\t\t\t<\/div>\n\t\t\t\t<div class=\"elementor-element elementor-element-ad70b1d elementor-widget elementor-widget-image\" data-id=\"ad70b1d\" data-element_type=\"widget\" data-e-type=\"widget\" data-widget_type=\"image.default\">\n\t\t\t\t<div class=\"elementor-widget-container\">\n\t\t\t\t\t\t\t\t\t\t\t\t\t\t\t<img decoding=\"async\" width=\"1024\" height=\"768\" src=\"https:\/\/almasfood.es\/wp-content\/uploads\/2026\/02\/WhatsApp-Image-2026-02-24-at-04.32.45-1-1024x768.jpeg\" class=\"elementor-animation-pulse-shrink attachment-large size-large wp-image-2163\" alt=\"\" srcset=\"https:\/\/almasfood.es\/wp-content\/uploads\/2026\/02\/WhatsApp-Image-2026-02-24-at-04.32.45-1-1024x768.jpeg 1024w, https:\/\/almasfood.es\/wp-content\/uploads\/2026\/02\/WhatsApp-Image-2026-02-24-at-04.32.45-1-300x225.jpeg 300w, https:\/\/almasfood.es\/wp-content\/uploads\/2026\/02\/WhatsApp-Image-2026-02-24-at-04.32.45-1-768x576.jpeg 768w, https:\/\/almasfood.es\/wp-content\/uploads\/2026\/02\/WhatsApp-Image-2026-02-24-at-04.32.45-1-1536x1152.jpeg 1536w, https:\/\/almasfood.es\/wp-content\/uploads\/2026\/02\/WhatsApp-Image-2026-02-24-at-04.32.45-1.jpeg 1600w\" sizes=\"(max-width: 1024px) 100vw, 1024px\" \/>\t\t\t\t\t\t\t\t\t\t\t\t\t\t\t<\/div>\n\t\t\t\t<\/div>\n\t\t\t\t<\/div>\n\t\t\t\t<\/div>","protected":false},"excerpt":{"rendered":"<p>Sobre Nosotros Distribuci\u00f3n Eficaz Nuestra misi\u00f3n En Almasfood, nuestra misi\u00f3n es asegurar un suministro constante y puntual de alimentos y bebidas, optimizando cada paso de la log\u00edstica. Nuestro compromiso es ser su socio estrat\u00e9gico en la distribuci\u00f3n, vinculando productores con minoristas de manera eficaz. Con un enfoque en la puntualidad y la fiabilidad, utilizamos procesos [&hellip;]<\/p>\n","protected":false},"author":1,"featured_media":0,"parent":0,"menu_order":0,"comment_status":"closed","ping_status":"closed","template":"","meta":{"site-sidebar-layout":"no-sidebar","site-content-layout":"page-builder","ast-site-content-layout":"full-width-container","site-content-style":"unboxed","site-sidebar-style":"unboxed","ast-global-header-display":"","ast-banner-title-visibility":"","ast-main-header-display":"","ast-hfb-above-header-display":"","ast-hfb-below-header-display":"","ast-hfb-mobile-header-display":"","site-post-title":"","ast-breadcrumbs-content":"","ast-featured-img":"disabled","footer-sml-layout":"","ast-disable-related-posts":"","theme-transparent-header-meta":"enabled","adv-header-id-meta":"","stick-header-meta":"","header-above-stick-meta":"","header-main-stick-meta":"","header-below-stick-meta":"","astra-migrate-meta-layouts":"set","ast-page-background-enabled":"default","ast-page-background-meta":{"desktop":{"background-color":"var(--ast-global-color-4)","background-image":"","background-repeat":"repeat","background-position":"center center","background-size":"auto","background-attachment":"scroll","background-type":"","background-media":"","overlay-type":"","overlay-color":"","overlay-opacity":"","overlay-gradient":""},"tablet":{"background-color":"","background-image":"","background-repeat":"repeat","background-position":"center center","background-size":"auto","background-attachment":"scroll","background-type":"","background-media":"","overlay-type":"","overlay-color":"","overlay-opacity":"","overlay-gradient":""},"mobile":{"background-color":"","background-image":"","background-repeat":"repeat","background-position":"center center","background-size":"auto","background-attachment":"scroll","background-type":"","background-media":"","overlay-type":"","overlay-color":"","overlay-opacity":"","overlay-gradient":""}},"ast-content-background-meta":{"desktop":{"background-color":"var(--ast-global-color-5)","background-image":"","background-repeat":"repeat","background-position":"center center","background-size":"auto","background-attachment":"scroll","background-type":"","background-media":"","overlay-type":"","overlay-color":"","overlay-opacity":"","overlay-gradient":""},"tablet":{"background-color":"var(--ast-global-color-5)","background-image":"","background-repeat":"repeat","background-position":"center center","background-size":"auto","background-attachment":"scroll","background-type":"","background-media":"","overlay-type":"","overlay-color":"","overlay-opacity":"","overlay-gradient":""},"mobile":{"background-color":"var(--ast-global-color-5)","background-image":"","background-repeat":"repeat","background-position":"center center","background-size":"auto","background-attachment":"scroll","background-type":"","background-media":"","overlay-type":"","overlay-color":"","overlay-opacity":"","overlay-gradient":""}},"footnotes":""},"class_list":["post-14","page","type-page","status-publish","hentry"],"_links":{"self":[{"href":"https:\/\/almasfood.es\/en\/wp-json\/wp\/v2\/pages\/14","targetHints":{"allow":["GET"]}}],"collection":[{"href":"https:\/\/almasfood.es\/en\/wp-json\/wp\/v2\/pages"}],"about":[{"href":"https:\/\/almasfood.es\/en\/wp-json\/wp\/v2\/types\/page"}],"author":[{"embeddable":true,"href":"https:\/\/almasfood.es\/en\/wp-json\/wp\/v2\/users\/1"}],"replies":[{"embeddable":true,"href":"https:\/\/almasfood.es\/en\/wp-json\/wp\/v2\/comments?post=14"}],"version-history":[{"count":104,"href":"https:\/\/almasfood.es\/en\/wp-json\/wp\/v2\/pages\/14\/revisions"}],"predecessor-version":[{"id":2415,"href":"https:\/\/almasfood.es\/en\/wp-json\/wp\/v2\/pages\/14\/revisions\/2415"}],"wp:attachment":[{"href":"https:\/\/almasfood.es\/en\/wp-json\/wp\/v2\/media?parent=14"}],"curies":[{"name":"wp","href":"https:\/\/api.w.org\/{rel}","templated":true}]}}