{"id":15,"date":"2026-02-24T04:33:03","date_gmt":"2026-02-24T04:33:03","guid":{"rendered":"https:\/\/almasfood.es\/?page_id=15"},"modified":"2026-02-24T22:59:59","modified_gmt":"2026-02-24T22:59:59","slug":"services","status":"publish","type":"page","link":"https:\/\/almasfood.es\/en\/services\/","title":{"rendered":"Services"},"content":{"rendered":"<div data-elementor-type=\"wp-page\" data-elementor-id=\"15\" class=\"elementor elementor-15\">\n\t\t\t\t<div class=\"elementor-element elementor-element-93263f3 e-flex e-con-boxed e-con e-parent\" data-id=\"93263f3\" data-element_type=\"container\" data-e-type=\"container\" data-settings=\"{&quot;background_background&quot;:&quot;classic&quot;}\">\n\t\t\t\t\t<div class=\"e-con-inner\">\n\t\t<div class=\"elementor-element elementor-element-6c32ff7 e-con-full e-flex e-con e-child\" data-id=\"6c32ff7\" data-element_type=\"container\" data-e-type=\"container\">\n\t\t\t\t<div class=\"elementor-element elementor-element-888fcee elementor-widget elementor-widget-heading\" data-id=\"888fcee\" data-element_type=\"widget\" data-e-type=\"widget\" data-widget_type=\"heading.default\">\n\t\t\t\t<div class=\"elementor-widget-container\">\n\t\t\t\t\t<h1 class=\"elementor-heading-title elementor-size-default\"><b>Our services<\/b><\/h1>\t\t\t\t<\/div>\n\t\t\t\t<\/div>\n\t\t\t\t<\/div>\n\t\t\t\t\t<\/div>\n\t\t\t\t<\/div>\n\t\t<div class=\"elementor-element elementor-element-4cb475b e-flex e-con-boxed e-con e-parent\" data-id=\"4cb475b\" data-element_type=\"container\" data-e-type=\"container\">\n\t\t\t\t\t<div class=\"e-con-inner\">\n\t\t<div class=\"elementor-element elementor-element-9741bfd e-con-full e-flex e-con e-child\" data-id=\"9741bfd\" data-element_type=\"container\" data-e-type=\"container\">\n\t\t\t\t<div class=\"elementor-element elementor-element-480f61d elementor-widget elementor-widget-image\" data-id=\"480f61d\" data-element_type=\"widget\" data-e-type=\"widget\" data-widget_type=\"image.default\">\n\t\t\t\t<div class=\"elementor-widget-container\">\n\t\t\t\t\t\t\t\t\t\t\t\t\t\t\t<img fetchpriority=\"high\" decoding=\"async\" width=\"1024\" height=\"598\" src=\"https:\/\/almasfood.es\/wp-content\/uploads\/2026\/02\/halal-papirer-3-1024x598.webp\" class=\"attachment-large size-large wp-image-2198\" alt=\"\" srcset=\"https:\/\/almasfood.es\/wp-content\/uploads\/2026\/02\/halal-papirer-3-1024x598.webp 1024w, https:\/\/almasfood.es\/wp-content\/uploads\/2026\/02\/halal-papirer-3-300x175.webp 300w, https:\/\/almasfood.es\/wp-content\/uploads\/2026\/02\/halal-papirer-3-768x449.webp 768w, https:\/\/almasfood.es\/wp-content\/uploads\/2026\/02\/halal-papirer-3.webp 1080w\" sizes=\"(max-width: 1024px) 100vw, 1024px\" \/>\t\t\t\t\t\t\t\t\t\t\t\t\t\t\t<\/div>\n\t\t\t\t<\/div>\n\t\t\t\t<\/div>\n\t\t<div class=\"elementor-element elementor-element-458f621 e-con-full e-flex e-con e-child\" data-id=\"458f621\" data-element_type=\"container\" data-e-type=\"container\">\n\t\t\t\t<div class=\"elementor-element elementor-element-57ee7d9 elementor-widget elementor-widget-heading\" data-id=\"57ee7d9\" data-element_type=\"widget\" data-e-type=\"widget\" data-widget_type=\"heading.default\">\n\t\t\t\t<div class=\"elementor-widget-container\">\n\t\t\t\t\t<h4 class=\"elementor-heading-title elementor-size-default\"><b>Your 100 % Halal guarantee<\/b><\/h4>\t\t\t\t<\/div>\n\t\t\t\t<\/div>\n\t\t\t\t<div class=\"elementor-element elementor-element-9dbc1b1 elementor-widget elementor-widget-text-editor\" data-id=\"9dbc1b1\" data-element_type=\"widget\" data-e-type=\"widget\" data-widget_type=\"text-editor.default\">\n\t\t\t\t<div class=\"elementor-widget-container\">\n\t\t\t\t\t\t\t\t\t<p>The Robert family guarantees strict compliance with all Islamic requirements from start to finish.<\/p><p>The slaughtering and manufacturing processes are supervised by the Islamic Cultural Centre (ICC) and the Halal Quality Control (HQC).<\/p><p>Thanks to Robert's extensive experience in Halal manufacturing, the Robert family has earned the trust of the Islamic world.<\/p>\t\t\t\t\t\t\t\t<\/div>\n\t\t\t\t<\/div>\n\t\t\t\t<\/div>\n\t\t\t\t\t<\/div>\n\t\t\t\t<\/div>\n\t\t<div class=\"elementor-element elementor-element-f270834 e-flex e-con-boxed e-con e-parent\" data-id=\"f270834\" data-element_type=\"container\" data-e-type=\"container\">\n\t\t\t\t\t<div class=\"e-con-inner\">\n\t\t<div class=\"elementor-element elementor-element-d82f624 e-con-full e-flex e-con e-child\" data-id=\"d82f624\" data-element_type=\"container\" data-e-type=\"container\">\n\t\t\t\t<div class=\"elementor-element elementor-element-3b778e2 elementor-widget elementor-widget-image\" data-id=\"3b778e2\" data-element_type=\"widget\" data-e-type=\"widget\" data-widget_type=\"image.default\">\n\t\t\t\t<div class=\"elementor-widget-container\">\n\t\t\t\t\t\t\t\t\t\t\t\t\t\t\t<img decoding=\"async\" width=\"1024\" height=\"1024\" src=\"https:\/\/almasfood.es\/wp-content\/uploads\/2026\/02\/toy-supermarket-cart-with-colourful-packets-1024x1024.jpg\" class=\"attachment-large size-large wp-image-2199\" alt=\"\" srcset=\"https:\/\/almasfood.es\/wp-content\/uploads\/2026\/02\/toy-supermarket-cart-with-colourful-packets-1024x1024.jpg 1024w, https:\/\/almasfood.es\/wp-content\/uploads\/2026\/02\/toy-supermarket-cart-with-colourful-packets-300x300.jpg 300w, https:\/\/almasfood.es\/wp-content\/uploads\/2026\/02\/toy-supermarket-cart-with-colourful-packets-150x150.jpg 150w, https:\/\/almasfood.es\/wp-content\/uploads\/2026\/02\/toy-supermarket-cart-with-colourful-packets-768x768.jpg 768w, https:\/\/almasfood.es\/wp-content\/uploads\/2026\/02\/toy-supermarket-cart-with-colourful-packets-1536x1536.jpg 1536w, https:\/\/almasfood.es\/wp-content\/uploads\/2026\/02\/toy-supermarket-cart-with-colourful-packets-2048x2048.jpg 2048w\" sizes=\"(max-width: 1024px) 100vw, 1024px\" \/>\t\t\t\t\t\t\t\t\t\t\t\t\t\t\t<\/div>\n\t\t\t\t<\/div>\n\t\t\t\t<\/div>\n\t\t<div class=\"elementor-element elementor-element-dda9887 e-con-full e-flex e-con e-child\" data-id=\"dda9887\" data-element_type=\"container\" data-e-type=\"container\">\n\t\t\t\t<div class=\"elementor-element elementor-element-dbd12a7 elementor-widget elementor-widget-heading\" data-id=\"dbd12a7\" data-element_type=\"widget\" data-e-type=\"widget\" data-widget_type=\"heading.default\">\n\t\t\t\t<div class=\"elementor-widget-container\">\n\t\t\t\t\t<h4 class=\"elementor-heading-title elementor-size-default\"><b>Products and Categories<\/b><\/h4>\t\t\t\t<\/div>\n\t\t\t\t<\/div>\n\t\t\t\t<div class=\"elementor-element elementor-element-ed08cdd elementor-widget elementor-widget-text-editor\" data-id=\"ed08cdd\" data-element_type=\"widget\" data-e-type=\"widget\" data-widget_type=\"text-editor.default\">\n\t\t\t\t<div class=\"elementor-widget-container\">\n\t\t\t\t\t\t\t\t\t<p>We distribute a wide range of products for food and convenience stores.<\/p><p>\u00a0<\/p><p>\u00a0<\/p><h5 class=\"font-bold text-primary\" data-loc=\"client\/src\/pages\/Home.tsx:255\"><b>Fresh Food<\/b><\/h5><h5 class=\"font-bold text-primary\" data-loc=\"client\/src\/pages\/Home.tsx:255\"><b>Beverages<\/b><\/h5><h5 class=\"font-bold text-primary\" data-loc=\"client\/src\/pages\/Home.tsx:255\"><span style=\"font-size: 1.125rem; font-style: inherit;\"><b>Dry Products<\/b><\/span><\/h5><h5 class=\"font-bold text-primary\" data-loc=\"client\/src\/pages\/Home.tsx:255\"><span style=\"font-size: 1.125rem; font-style: inherit;\"><b>Mortadela<\/b><br \/><\/span><\/h5>\t\t\t\t\t\t\t\t<\/div>\n\t\t\t\t<\/div>\n\t\t\t\t<\/div>\n\t\t\t\t\t<\/div>\n\t\t\t\t<\/div>\n\t\t<div class=\"elementor-element elementor-element-89f0651 e-flex e-con-boxed e-con e-parent\" data-id=\"89f0651\" data-element_type=\"container\" data-e-type=\"container\">\n\t\t\t\t\t<div class=\"e-con-inner\">\n\t\t<div class=\"elementor-element elementor-element-0d63c59 e-con-full e-flex e-con e-child\" data-id=\"0d63c59\" data-element_type=\"container\" data-e-type=\"container\">\n\t\t\t\t<div class=\"elementor-element elementor-element-333ed73 elementor-widget elementor-widget-image\" data-id=\"333ed73\" data-element_type=\"widget\" data-e-type=\"widget\" data-widget_type=\"image.default\">\n\t\t\t\t<div class=\"elementor-widget-container\">\n\t\t\t\t\t\t\t\t\t\t\t\t\t\t\t<img decoding=\"async\" width=\"1024\" height=\"683\" src=\"https:\/\/almasfood.es\/wp-content\/uploads\/2026\/02\/K9vNOBMpdxRUP99rMxZo12-img-3_1771894803000_na1fn_bWF5b3JmbG93LXN1cHBseS1jaGFpbg-1024x683.webp\" class=\"attachment-large size-large wp-image-2204\" alt=\"\" srcset=\"https:\/\/almasfood.es\/wp-content\/uploads\/2026\/02\/K9vNOBMpdxRUP99rMxZo12-img-3_1771894803000_na1fn_bWF5b3JmbG93LXN1cHBseS1jaGFpbg-1024x683.webp 1024w, https:\/\/almasfood.es\/wp-content\/uploads\/2026\/02\/K9vNOBMpdxRUP99rMxZo12-img-3_1771894803000_na1fn_bWF5b3JmbG93LXN1cHBseS1jaGFpbg-300x200.webp 300w, https:\/\/almasfood.es\/wp-content\/uploads\/2026\/02\/K9vNOBMpdxRUP99rMxZo12-img-3_1771894803000_na1fn_bWF5b3JmbG93LXN1cHBseS1jaGFpbg-768x512.webp 768w, https:\/\/almasfood.es\/wp-content\/uploads\/2026\/02\/K9vNOBMpdxRUP99rMxZo12-img-3_1771894803000_na1fn_bWF5b3JmbG93LXN1cHBseS1jaGFpbg.webp 1536w\" sizes=\"(max-width: 1024px) 100vw, 1024px\" \/>\t\t\t\t\t\t\t\t\t\t\t\t\t\t\t<\/div>\n\t\t\t\t<\/div>\n\t\t\t\t<\/div>\n\t\t<div class=\"elementor-element elementor-element-4897024 e-con-full e-flex e-con e-child\" data-id=\"4897024\" data-element_type=\"container\" data-e-type=\"container\">\n\t\t\t\t<div class=\"elementor-element elementor-element-6bf4288 elementor-widget elementor-widget-heading\" data-id=\"6bf4288\" data-element_type=\"widget\" data-e-type=\"widget\" data-widget_type=\"heading.default\">\n\t\t\t\t<div class=\"elementor-widget-container\">\n\t\t\t\t\t<h4 class=\"elementor-heading-title elementor-size-default\"><b>\u00bfPor Qu\u00e9 Elegir Almasfood?<\/b><\/h4>\t\t\t\t<\/div>\n\t\t\t\t<\/div>\n\t\t\t\t<div class=\"elementor-element elementor-element-2080280 elementor-widget elementor-widget-text-editor\" data-id=\"2080280\" data-element_type=\"widget\" data-e-type=\"widget\" data-widget_type=\"text-editor.default\">\n\t\t\t\t<div class=\"elementor-widget-container\">\n\t\t\t\t\t\t\t\t\t<h4 class=\"text-xl font-bold text-primary\" data-loc=\"client\/src\/pages\/Home.tsx:204\"><b><u>Accuracy<\/u><\/b><\/h4><p class=\"text-gray-600\" data-loc=\"client\/src\/pages\/Home.tsx:205\">Every delivery is exact. Punctuality is not an ambition, it is our standard.<\/p><h4 class=\"text-xl font-bold text-primary\" data-loc=\"client\/src\/pages\/Home.tsx:215\"><b><u>Reliability<\/u><\/b><\/h4><p class=\"text-gray-600\" data-loc=\"client\/src\/pages\/Home.tsx:216\">Strong supplier relationships and guaranteed security at all stages.<\/p><h4 class=\"text-xl font-bold text-primary\" data-loc=\"client\/src\/pages\/Home.tsx:226\"><b><u>Optimisation<\/u><\/b><\/h4><p class=\"text-gray-600\" data-loc=\"client\/src\/pages\/Home.tsx:227\">Optimised processes that create value for manufacturers and retail chains.<\/p>\t\t\t\t\t\t\t\t<\/div>\n\t\t\t\t<\/div>\n\t\t\t\t<\/div>\n\t\t\t\t\t<\/div>\n\t\t\t\t<\/div>\n\t\t\t\t<\/div>","protected":false},"excerpt":{"rendered":"<p>Nuestros Servicios Su garant\u00eda de 100 % Halal La familia Robert garantiza el estricto cumplimiento de todos los requisitos isl\u00e1micos de principio a fin. Los procesos de sacrificio y fabricaci\u00f3n est\u00e1n supervisados \u200b\u200bpor el Centro Cultural Isl\u00e1mico (CCI) y el Control de Calidad Halal (CQH). Gracias a la amplia experiencia de Robert en la fabricaci\u00f3n [&hellip;]<\/p>\n","protected":false},"author":1,"featured_media":0,"parent":0,"menu_order":0,"comment_status":"closed","ping_status":"closed","template":"","meta":{"site-sidebar-layout":"no-sidebar","site-content-layout":"page-builder","ast-site-content-layout":"default","site-content-style":"default","site-sidebar-style":"default","ast-global-header-display":"","ast-banner-title-visibility":"","ast-main-header-display":"","ast-hfb-above-header-display":"","ast-hfb-below-header-display":"","ast-hfb-mobile-header-display":"","site-post-title":"","ast-breadcrumbs-content":"","ast-featured-img":"disabled","footer-sml-layout":"","ast-disable-related-posts":"","theme-transparent-header-meta":"enabled","adv-header-id-meta":"","stick-header-meta":"","header-above-stick-meta":"","header-main-stick-meta":"","header-below-stick-meta":"","astra-migrate-meta-layouts":"default","ast-page-background-enabled":"default","ast-page-background-meta":{"desktop":{"background-color":"var(--ast-global-color-4)","background-image":"","background-repeat":"repeat","background-position":"center center","background-size":"auto","background-attachment":"scroll","background-type":"","background-media":"","overlay-type":"","overlay-color":"","overlay-opacity":"","overlay-gradient":""},"tablet":{"background-color":"","background-image":"","background-repeat":"repeat","background-position":"center center","background-size":"auto","background-attachment":"scroll","background-type":"","background-media":"","overlay-type":"","overlay-color":"","overlay-opacity":"","overlay-gradient":""},"mobile":{"background-color":"","background-image":"","background-repeat":"repeat","background-position":"center center","background-size":"auto","background-attachment":"scroll","background-type":"","background-media":"","overlay-type":"","overlay-color":"","overlay-opacity":"","overlay-gradient":""}},"ast-content-background-meta":{"desktop":{"background-color":"var(--ast-global-color-5)","background-image":"","background-repeat":"repeat","background-position":"center center","background-size":"auto","background-attachment":"scroll","background-type":"","background-media":"","overlay-type":"","overlay-color":"","overlay-opacity":"","overlay-gradient":""},"tablet":{"background-color":"var(--ast-global-color-5)","background-image":"","background-repeat":"repeat","background-position":"center center","background-size":"auto","background-attachment":"scroll","background-type":"","background-media":"","overlay-type":"","overlay-color":"","overlay-opacity":"","overlay-gradient":""},"mobile":{"background-color":"var(--ast-global-color-5)","background-image":"","background-repeat":"repeat","background-position":"center center","background-size":"auto","background-attachment":"scroll","background-type":"","background-media":"","overlay-type":"","overlay-color":"","overlay-opacity":"","overlay-gradient":""}},"footnotes":""},"class_list":["post-15","page","type-page","status-publish","hentry"],"_links":{"self":[{"href":"https:\/\/almasfood.es\/en\/wp-json\/wp\/v2\/pages\/15","targetHints":{"allow":["GET"]}}],"collection":[{"href":"https:\/\/almasfood.es\/en\/wp-json\/wp\/v2\/pages"}],"about":[{"href":"https:\/\/almasfood.es\/en\/wp-json\/wp\/v2\/types\/page"}],"author":[{"embeddable":true,"href":"https:\/\/almasfood.es\/en\/wp-json\/wp\/v2\/users\/1"}],"replies":[{"embeddable":true,"href":"https:\/\/almasfood.es\/en\/wp-json\/wp\/v2\/comments?post=15"}],"version-history":[{"count":27,"href":"https:\/\/almasfood.es\/en\/wp-json\/wp\/v2\/pages\/15\/revisions"}],"predecessor-version":[{"id":2371,"href":"https:\/\/almasfood.es\/en\/wp-json\/wp\/v2\/pages\/15\/revisions\/2371"}],"wp:attachment":[{"href":"https:\/\/almasfood.es\/en\/wp-json\/wp\/v2\/media?parent=15"}],"curies":[{"name":"wp","href":"https:\/\/api.w.org\/{rel}","templated":true}]}}